{"id":1837,"date":"2021-10-01T12:37:48","date_gmt":"2021-10-01T11:37:48","guid":{"rendered":"http:\/\/torkelv66.sg-host.com\/?page_id=1837"},"modified":"2021-11-08T11:10:32","modified_gmt":"2021-11-08T10:10:32","slug":"news","status":"publish","type":"page","link":"https:\/\/ceventrix.com\/en\/news\/","title":{"rendered":"News"},"content":{"rendered":"<div data-elementor-type=\"wp-page\" data-elementor-id=\"1837\" class=\"elementor elementor-1837\" data-elementor-post-type=\"page\">\n\t\t\t\t\t\t<section class=\"elementor-section elementor-top-section elementor-element elementor-element-151dfc2 elementor-section-boxed elementor-section-height-default elementor-section-height-default\" data-id=\"151dfc2\" data-element_type=\"section\" data-settings=\"{&quot;background_background&quot;:&quot;classic&quot;,&quot;shape_divider_bottom&quot;:&quot;curve&quot;}\">\n\t\t\t\t\t<div class=\"elementor-shape elementor-shape-bottom\" aria-hidden=\"true\" data-negative=\"false\">\n\t\t\t<svg xmlns=\"http:\/\/www.w3.org\/2000\/svg\" viewbox=\"0 0 1000 100\" preserveaspectratio=\"none\">\n    <path class=\"elementor-shape-fill\" d=\"M1000,4.3V0H0v4.3C0.9,23.1,126.7,99.2,500,100S1000,22.7,1000,4.3z\"\/>\n<\/svg>\t\t<\/div>\n\t\t\t\t\t<div class=\"elementor-container elementor-column-gap-default\">\n\t\t\t\t\t<div class=\"elementor-column elementor-col-100 elementor-top-column elementor-element elementor-element-aa0cc16\" data-id=\"aa0cc16\" data-element_type=\"column\">\n\t\t\t<div class=\"elementor-widget-wrap elementor-element-populated\">\n\t\t\t\t\t\t<div class=\"elementor-element elementor-element-17edd02 elementor-widget elementor-widget-heading\" data-id=\"17edd02\" data-element_type=\"widget\" data-widget_type=\"heading.default\">\n\t\t\t\t<div class=\"elementor-widget-container\">\n\t\t\t\t\t<h1 class=\"elementor-heading-title elementor-size-default\">News<\/h1>\t\t\t\t<\/div>\n\t\t\t\t<\/div>\n\t\t\t\t\t<\/div>\n\t\t<\/div>\n\t\t\t\t\t<\/div>\n\t\t<\/section>\n\t\t\t\t<section class=\"elementor-section elementor-top-section elementor-element elementor-element-c8a74d4 elementor-section-boxed elementor-section-height-default elementor-section-height-default\" data-id=\"c8a74d4\" data-element_type=\"section\">\n\t\t\t\t\t\t<div class=\"elementor-container elementor-column-gap-default\">\n\t\t\t\t\t<div class=\"elementor-column elementor-col-100 elementor-top-column elementor-element elementor-element-68924d2\" data-id=\"68924d2\" data-element_type=\"column\">\n\t\t\t<div class=\"elementor-widget-wrap elementor-element-populated\">\n\t\t\t\t\t\t<div class=\"elementor-element elementor-element-2cbd731 elementor-grid-2 elementor-grid-tablet-1 elementor-grid-mobile-1 elementor-posts--thumbnail-top elementor-card-shadow-yes elementor-posts__hover-gradient elementor-widget elementor-widget-posts\" data-id=\"2cbd731\" data-element_type=\"widget\" data-settings=\"{&quot;cards_columns&quot;:&quot;2&quot;,&quot;cards_columns_tablet&quot;:&quot;1&quot;,&quot;pagination_type&quot;:&quot;prev_next&quot;,&quot;cards_columns_mobile&quot;:&quot;1&quot;,&quot;cards_row_gap&quot;:{&quot;unit&quot;:&quot;px&quot;,&quot;size&quot;:35,&quot;sizes&quot;:[]},&quot;cards_row_gap_tablet&quot;:{&quot;unit&quot;:&quot;px&quot;,&quot;size&quot;:&quot;&quot;,&quot;sizes&quot;:[]},&quot;cards_row_gap_mobile&quot;:{&quot;unit&quot;:&quot;px&quot;,&quot;size&quot;:&quot;&quot;,&quot;sizes&quot;:[]}}\" data-widget_type=\"posts.cards\">\n\t\t\t\t<div class=\"elementor-widget-container\">\n\t\t\t\t\t\t\t<div class=\"elementor-posts-container elementor-posts elementor-posts--skin-cards elementor-grid\" role=\"list\">\n\t\t\t\t<article class=\"elementor-post elementor-grid-item post-3810 post type-post status-publish format-standard has-post-thumbnail hentry category-norsk tag-ceventrix tag-norsk entry has-media\" role=\"listitem\">\n\t\t\t<div class=\"elementor-post__card\">\n\t\t\t\t<a class=\"elementor-post__thumbnail__link\" href=\"https:\/\/ceventrix.com\/en\/ny-artikkel-om-ernaering-er-publisert-2\/\" tabindex=\"-1\" ><div class=\"elementor-post__thumbnail\"><img fetchpriority=\"high\" decoding=\"async\" width=\"630\" height=\"946\" src=\"https:\/\/ceventrix.com\/wp-content\/uploads\/2023\/02\/Nutritional-paper-1.jpg\" class=\"attachment-large size-large wp-image-3800\" alt=\"\" srcset=\"https:\/\/ceventrix.com\/wp-content\/uploads\/2023\/02\/Nutritional-paper-1.jpg 630w, https:\/\/ceventrix.com\/wp-content\/uploads\/2023\/02\/Nutritional-paper-1-200x300.jpg 200w, https:\/\/ceventrix.com\/wp-content\/uploads\/2023\/02\/Nutritional-paper-1-600x901.jpg 600w\" sizes=\"(max-width: 630px) 100vw, 630px\" \/><\/div><\/a>\n\t\t\t\t<div class=\"elementor-post__text\">\n\t\t\t\t<h3 class=\"elementor-post__title\">\n\t\t\t<a href=\"https:\/\/ceventrix.com\/en\/ny-artikkel-om-ernaering-er-publisert-2\/\" >\n\t\t\t\tNy artikkel om ern\u00e6ring er publisert!\t\t\t<\/a>\n\t\t<\/h3>\n\t\t\t\t<div class=\"elementor-post__excerpt\">\n\t\t\t<p>Vi i DAHRT Biocare er stolte av \u00e5 presentere v\u00e5r nye sammendrags-artikkel om ern\u00e6ringsr\u00e5d for mennesker med multippel sklerose<\/p>\n\t\t<\/div>\n\t\t\n\t\t<a class=\"elementor-post__read-more\" href=\"https:\/\/ceventrix.com\/en\/ny-artikkel-om-ernaering-er-publisert-2\/\" aria-label=\"Read more about Ny artikkel om ern\u00e6ring er publisert!\" tabindex=\"-1\" >\n\t\t\tRead More \u00bb\t\t<\/a>\n\n\t\t\t\t<\/div>\n\t\t\t\t<div class=\"elementor-post__meta-data\">\n\t\t\t\t\t<span class=\"elementor-post-date\">\n\t\t\t28\/02\/2023\t\t<\/span>\n\t\t\t\t<\/div>\n\t\t\t\t\t<\/div>\n\t\t<\/article>\n\t\t\t\t<article class=\"elementor-post elementor-grid-item post-3782 post type-post status-publish format-standard has-post-thumbnail hentry category-uncategorized-en entry has-media\" role=\"listitem\">\n\t\t\t<div class=\"elementor-post__card\">\n\t\t\t\t<a class=\"elementor-post__thumbnail__link\" href=\"https:\/\/ceventrix.com\/en\/ceventrix-is-now-available-2\/\" tabindex=\"-1\" ><div class=\"elementor-post__thumbnail\"><img decoding=\"async\" width=\"630\" height=\"946\" src=\"https:\/\/ceventrix.com\/wp-content\/uploads\/2023\/02\/Nutritional-paper.jpg\" class=\"attachment-large size-large wp-image-3785\" alt=\"\" srcset=\"https:\/\/ceventrix.com\/wp-content\/uploads\/2023\/02\/Nutritional-paper.jpg 630w, https:\/\/ceventrix.com\/wp-content\/uploads\/2023\/02\/Nutritional-paper-200x300.jpg 200w, https:\/\/ceventrix.com\/wp-content\/uploads\/2023\/02\/Nutritional-paper-600x901.jpg 600w\" sizes=\"(max-width: 630px) 100vw, 630px\" \/><\/div><\/a>\n\t\t\t\t<div class=\"elementor-post__text\">\n\t\t\t\t<h3 class=\"elementor-post__title\">\n\t\t\t<a href=\"https:\/\/ceventrix.com\/en\/ceventrix-is-now-available-2\/\" >\n\t\t\t\tNew nutritional paper published\t\t\t<\/a>\n\t\t<\/h3>\n\t\t\t\t<div class=\"elementor-post__excerpt\">\n\t\t\t<p>We in DAHRT Biocare are proud to present our review of nutritional advice for people with Multiple Sclerosis.<\/p>\n\t\t<\/div>\n\t\t\n\t\t<a class=\"elementor-post__read-more\" href=\"https:\/\/ceventrix.com\/en\/ceventrix-is-now-available-2\/\" aria-label=\"Read more about New nutritional paper published\" tabindex=\"-1\" >\n\t\t\tRead More \u00bb\t\t<\/a>\n\n\t\t\t\t<\/div>\n\t\t\t\t<div class=\"elementor-post__meta-data\">\n\t\t\t\t\t<span class=\"elementor-post-date\">\n\t\t\t27\/02\/2023\t\t<\/span>\n\t\t\t\t<\/div>\n\t\t\t\t\t<\/div>\n\t\t<\/article>\n\t\t\t\t<article class=\"elementor-post elementor-grid-item post-3155 post type-post status-publish format-standard has-post-thumbnail hentry category-uncategorized-en entry has-media\" role=\"listitem\">\n\t\t\t<div class=\"elementor-post__card\">\n\t\t\t\t<a class=\"elementor-post__thumbnail__link\" href=\"https:\/\/ceventrix.com\/en\/ceventrix-is-now-available\/\" tabindex=\"-1\" ><div class=\"elementor-post__thumbnail\"><img decoding=\"async\" width=\"1024\" height=\"683\" src=\"https:\/\/ceventrix.com\/wp-content\/uploads\/2021\/02\/shutterstock_284871191-min-1024x683.jpg\" class=\"attachment-large size-large wp-image-27\" alt=\"\" srcset=\"https:\/\/ceventrix.com\/wp-content\/uploads\/2021\/02\/shutterstock_284871191-min-1024x683.jpg 1024w, https:\/\/ceventrix.com\/wp-content\/uploads\/2021\/02\/shutterstock_284871191-min-scaled-600x400.jpg 600w, https:\/\/ceventrix.com\/wp-content\/uploads\/2021\/02\/shutterstock_284871191-min-300x200.jpg 300w, https:\/\/ceventrix.com\/wp-content\/uploads\/2021\/02\/shutterstock_284871191-min-768x512.jpg 768w, https:\/\/ceventrix.com\/wp-content\/uploads\/2021\/02\/shutterstock_284871191-min-1536x1024.jpg 1536w, https:\/\/ceventrix.com\/wp-content\/uploads\/2021\/02\/shutterstock_284871191-min-scaled.jpg 2048w, https:\/\/ceventrix.com\/wp-content\/uploads\/2021\/02\/shutterstock_284871191-min-1568x1045.jpg 1568w\" sizes=\"(max-width: 1024px) 100vw, 1024px\" \/><\/div><\/a>\n\t\t\t\t<div class=\"elementor-post__text\">\n\t\t\t\t<h3 class=\"elementor-post__title\">\n\t\t\t<a href=\"https:\/\/ceventrix.com\/en\/ceventrix-is-now-available\/\" >\n\t\t\t\tCeventrix\u2122 is now available!\t\t\t<\/a>\n\t\t<\/h3>\n\t\t\t\t<div class=\"elementor-post__excerpt\">\n\t\t\t<p>DAHRT Biocare AS is a small Norwegian start-up company that has been working on the preparations for the launch of our first product CEVENTRIX \u2122 for more than a year. CEVENTRIX \u2122 is specially formulated to meet the nutritional needs of people with multiple sclerosis (MS).<\/p>\n\t\t<\/div>\n\t\t\n\t\t<a class=\"elementor-post__read-more\" href=\"https:\/\/ceventrix.com\/en\/ceventrix-is-now-available\/\" aria-label=\"Read more about Ceventrix\u2122 is now available!\" tabindex=\"-1\" >\n\t\t\tRead More \u00bb\t\t<\/a>\n\n\t\t\t\t<\/div>\n\t\t\t\t<div class=\"elementor-post__meta-data\">\n\t\t\t\t\t<span class=\"elementor-post-date\">\n\t\t\t30\/10\/2021\t\t<\/span>\n\t\t\t\t<\/div>\n\t\t\t\t\t<\/div>\n\t\t<\/article>\n\t\t\t\t<article class=\"elementor-post elementor-grid-item post-1630 post type-post status-publish format-standard has-post-thumbnail hentry category-norsk tag-ceventrix tag-norsk entry has-media\" role=\"listitem\">\n\t\t\t<div class=\"elementor-post__card\">\n\t\t\t\t<a class=\"elementor-post__thumbnail__link\" href=\"https:\/\/ceventrix.com\/en\/ceventrix-er-na-tilgjengelig\/\" tabindex=\"-1\" ><div class=\"elementor-post__thumbnail\"><img decoding=\"async\" width=\"1024\" height=\"683\" src=\"https:\/\/ceventrix.com\/wp-content\/uploads\/2021\/02\/shutterstock_284871191-min-1024x683.jpg\" class=\"attachment-large size-large wp-image-27\" alt=\"\" srcset=\"https:\/\/ceventrix.com\/wp-content\/uploads\/2021\/02\/shutterstock_284871191-min-1024x683.jpg 1024w, https:\/\/ceventrix.com\/wp-content\/uploads\/2021\/02\/shutterstock_284871191-min-scaled-600x400.jpg 600w, https:\/\/ceventrix.com\/wp-content\/uploads\/2021\/02\/shutterstock_284871191-min-300x200.jpg 300w, https:\/\/ceventrix.com\/wp-content\/uploads\/2021\/02\/shutterstock_284871191-min-768x512.jpg 768w, https:\/\/ceventrix.com\/wp-content\/uploads\/2021\/02\/shutterstock_284871191-min-1536x1024.jpg 1536w, https:\/\/ceventrix.com\/wp-content\/uploads\/2021\/02\/shutterstock_284871191-min-scaled.jpg 2048w, https:\/\/ceventrix.com\/wp-content\/uploads\/2021\/02\/shutterstock_284871191-min-1568x1045.jpg 1568w\" sizes=\"(max-width: 1024px) 100vw, 1024px\" \/><\/div><\/a>\n\t\t\t\t<div class=\"elementor-post__text\">\n\t\t\t\t<h3 class=\"elementor-post__title\">\n\t\t\t<a href=\"https:\/\/ceventrix.com\/en\/ceventrix-er-na-tilgjengelig\/\" >\n\t\t\t\tCEVENTRIX\u2122 is now available!\t\t\t<\/a>\n\t\t<\/h3>\n\t\t\t\t<div class=\"elementor-post__excerpt\">\n\t\t\t<p>DAHRT Biocare AS is a small Norwegian startup that has been working on the preparation for launching our first product CEVENTRIX\u2122 for more than a year. CEVENTRIX\u2122 is specially formulated to meet the dietary needs of people with Multiple Sclerosis (MS).<\/p>\n\t\t<\/div>\n\t\t\n\t\t<a class=\"elementor-post__read-more\" href=\"https:\/\/ceventrix.com\/en\/ceventrix-er-na-tilgjengelig\/\" aria-label=\"Read more about CEVENTRIX\u2122 er n\u00e5 tilgjengelig!\" tabindex=\"-1\" >\n\t\t\tRead More \u00bb\t\t<\/a>\n\n\t\t\t\t<\/div>\n\t\t\t\t<div class=\"elementor-post__meta-data\">\n\t\t\t\t\t<span class=\"elementor-post-date\">\n\t\t\t28\/10\/2021\t\t<\/span>\n\t\t\t\t<\/div>\n\t\t\t\t\t<\/div>\n\t\t<\/article>\n\t\t\t\t<article class=\"elementor-post elementor-grid-item post-2336 post type-post status-publish format-standard has-post-thumbnail hentry category-norsk tag-ceventrix tag-norsk entry has-media\" role=\"listitem\">\n\t\t\t<div class=\"elementor-post__card\">\n\t\t\t\t<a class=\"elementor-post__thumbnail__link\" href=\"https:\/\/ceventrix.com\/en\/dahrt-biocare-publiserer-artikkel-om-vitenskapen-bak-ceventrix\/\" tabindex=\"-1\" ><div class=\"elementor-post__thumbnail\"><img loading=\"lazy\" decoding=\"async\" width=\"1024\" height=\"683\" src=\"https:\/\/ceventrix.com\/wp-content\/uploads\/2021\/08\/shutterstock_1708521940-1024x683.jpg\" class=\"attachment-large size-large wp-image-394\" alt=\"adult and child hands holding intestine shape, healthy bowel degestion, leaky gut, probiotics and prebotics for gut health, colon, gastric, stomach cancer concept\" srcset=\"https:\/\/ceventrix.com\/wp-content\/uploads\/2021\/08\/shutterstock_1708521940-1024x683.jpg 1024w, https:\/\/ceventrix.com\/wp-content\/uploads\/2021\/08\/shutterstock_1708521940-600x400.jpg 600w, https:\/\/ceventrix.com\/wp-content\/uploads\/2021\/08\/shutterstock_1708521940-300x200.jpg 300w, https:\/\/ceventrix.com\/wp-content\/uploads\/2021\/08\/shutterstock_1708521940-768x512.jpg 768w, https:\/\/ceventrix.com\/wp-content\/uploads\/2021\/08\/shutterstock_1708521940-1536x1024.jpg 1536w, https:\/\/ceventrix.com\/wp-content\/uploads\/2021\/08\/shutterstock_1708521940.jpg 1620w\" sizes=\"(max-width: 1024px) 100vw, 1024px\" \/><\/div><\/a>\n\t\t\t\t<div class=\"elementor-post__text\">\n\t\t\t\t<h3 class=\"elementor-post__title\">\n\t\t\t<a href=\"https:\/\/ceventrix.com\/en\/dahrt-biocare-publiserer-artikkel-om-vitenskapen-bak-ceventrix\/\" >\n\t\t\t\tDAHRT Biocare publishes a review article describing the science behind CEVENTRIX\u2122\t\t\t<\/a>\n\t\t<\/h3>\n\t\t\t\t<div class=\"elementor-post__excerpt\">\n\t\t\t<p>CEVENTRIX\u2122 is the first product in our portfolio and is based on more than 15 years of research by the scientific community in the role of gut health in MS.<\/p>\n\t\t<\/div>\n\t\t\n\t\t<a class=\"elementor-post__read-more\" href=\"https:\/\/ceventrix.com\/en\/dahrt-biocare-publiserer-artikkel-om-vitenskapen-bak-ceventrix\/\" aria-label=\"Read more about DAHRT Biocare publiserer artikkel om vitenskapen bak CEVENTRIX\u2122\" tabindex=\"-1\" >\n\t\t\tRead More \u00bb\t\t<\/a>\n\n\t\t\t\t<\/div>\n\t\t\t\t<div class=\"elementor-post__meta-data\">\n\t\t\t\t\t<span class=\"elementor-post-date\">\n\t\t\t30\/09\/2021\t\t<\/span>\n\t\t\t\t<\/div>\n\t\t\t\t\t<\/div>\n\t\t<\/article>\n\t\t\t\t<article class=\"elementor-post elementor-grid-item post-3150 post type-post status-publish format-standard has-post-thumbnail hentry category-uncategorized-en entry has-media\" role=\"listitem\">\n\t\t\t<div class=\"elementor-post__card\">\n\t\t\t\t<a class=\"elementor-post__thumbnail__link\" href=\"https:\/\/ceventrix.com\/en\/dahrt-biocare-publishes-article-on-the-science-behind-ceventrix\/\" tabindex=\"-1\" ><div class=\"elementor-post__thumbnail\"><img loading=\"lazy\" decoding=\"async\" width=\"1024\" height=\"683\" src=\"https:\/\/ceventrix.com\/wp-content\/uploads\/2021\/08\/shutterstock_1708521940-1024x683.jpg\" class=\"attachment-large size-large wp-image-394\" alt=\"adult and child hands holding intestine shape, healthy bowel degestion, leaky gut, probiotics and prebotics for gut health, colon, gastric, stomach cancer concept\" srcset=\"https:\/\/ceventrix.com\/wp-content\/uploads\/2021\/08\/shutterstock_1708521940-1024x683.jpg 1024w, https:\/\/ceventrix.com\/wp-content\/uploads\/2021\/08\/shutterstock_1708521940-600x400.jpg 600w, https:\/\/ceventrix.com\/wp-content\/uploads\/2021\/08\/shutterstock_1708521940-300x200.jpg 300w, https:\/\/ceventrix.com\/wp-content\/uploads\/2021\/08\/shutterstock_1708521940-768x512.jpg 768w, https:\/\/ceventrix.com\/wp-content\/uploads\/2021\/08\/shutterstock_1708521940-1536x1024.jpg 1536w, https:\/\/ceventrix.com\/wp-content\/uploads\/2021\/08\/shutterstock_1708521940.jpg 1620w\" sizes=\"(max-width: 1024px) 100vw, 1024px\" \/><\/div><\/a>\n\t\t\t\t<div class=\"elementor-post__text\">\n\t\t\t\t<h3 class=\"elementor-post__title\">\n\t\t\t<a href=\"https:\/\/ceventrix.com\/en\/dahrt-biocare-publishes-article-on-the-science-behind-ceventrix\/\" >\n\t\t\t\tDAHRT Biocare publishes article on the science behind Ceventrix\u2122\t\t\t<\/a>\n\t\t<\/h3>\n\t\t\t\t<div class=\"elementor-post__excerpt\">\n\t\t\t<p>CEVENTRIX \u2122 is the first product in our portfolio and is based on more than 15 years of scientific research on the importance of gastrointestinal health in MS.<\/p>\n\t\t<\/div>\n\t\t\n\t\t<a class=\"elementor-post__read-more\" href=\"https:\/\/ceventrix.com\/en\/dahrt-biocare-publishes-article-on-the-science-behind-ceventrix\/\" aria-label=\"Read more about DAHRT Biocare publishes article on the science behind Ceventrix\u2122\" tabindex=\"-1\" >\n\t\t\tRead More \u00bb\t\t<\/a>\n\n\t\t\t\t<\/div>\n\t\t\t\t<div class=\"elementor-post__meta-data\">\n\t\t\t\t\t<span class=\"elementor-post-date\">\n\t\t\t28\/09\/2021\t\t<\/span>\n\t\t\t\t<\/div>\n\t\t\t\t\t<\/div>\n\t\t<\/article>\n\t\t\t\t<\/div>\n\t\t\n\t\t\t\t\t\t<\/div>\n\t\t\t\t<\/div>\n\t\t\t\t\t<\/div>\n\t\t<\/div>\n\t\t\t\t\t<\/div>\n\t\t<\/section>\n\t\t\t\t<\/div>","protected":false},"excerpt":{"rendered":"<p>News<\/p>","protected":false},"author":1,"featured_media":0,"parent":0,"menu_order":0,"comment_status":"closed","ping_status":"closed","template":"elementor_header_footer","meta":{"footnotes":""},"class_list":["post-1837","page","type-page","status-publish","hentry","entry","has-media"],"yoast_head":"<!-- This site is optimized with the Yoast SEO plugin v26.2 - https:\/\/yoast.com\/wordpress\/plugins\/seo\/ -->\n<title>News - Ceventrix<\/title>\n<meta name=\"robots\" content=\"index, follow, max-snippet:-1, max-image-preview:large, max-video-preview:-1\" \/>\n<link rel=\"canonical\" href=\"https:\/\/ceventrix.com\/en\/news\/\" \/>\n<meta property=\"og:locale\" content=\"en_GB\" \/>\n<meta property=\"og:type\" content=\"article\" \/>\n<meta property=\"og:title\" content=\"News - Ceventrix\" \/>\n<meta property=\"og:description\" content=\"News\" \/>\n<meta property=\"og:url\" content=\"https:\/\/ceventrix.com\/en\/news\/\" \/>\n<meta property=\"og:site_name\" content=\"Ceventrix\" \/>\n<meta property=\"article:modified_time\" content=\"2021-11-08T10:10:32+00:00\" \/>\n<meta name=\"twitter:card\" content=\"summary_large_image\" \/>\n<meta name=\"twitter:label1\" content=\"Estimated reading time\" \/>\n\t<meta name=\"twitter:data1\" content=\"1 minute\" \/>\n<script type=\"application\/ld+json\" class=\"yoast-schema-graph\">{\"@context\":\"https:\/\/schema.org\",\"@graph\":[{\"@type\":\"WebPage\",\"@id\":\"https:\/\/ceventrix.com\/en\/news\/\",\"url\":\"https:\/\/ceventrix.com\/en\/news\/\",\"name\":\"News - Ceventrix\",\"isPartOf\":{\"@id\":\"https:\/\/ceventrix.com\/#website\"},\"datePublished\":\"2021-10-01T11:37:48+00:00\",\"dateModified\":\"2021-11-08T10:10:32+00:00\",\"breadcrumb\":{\"@id\":\"https:\/\/ceventrix.com\/en\/news\/#breadcrumb\"},\"inLanguage\":\"en-GB\",\"potentialAction\":[{\"@type\":\"ReadAction\",\"target\":[\"https:\/\/ceventrix.com\/en\/news\/\"]}]},{\"@type\":\"BreadcrumbList\",\"@id\":\"https:\/\/ceventrix.com\/en\/news\/#breadcrumb\",\"itemListElement\":[{\"@type\":\"ListItem\",\"position\":1,\"name\":\"Home\",\"item\":\"https:\/\/ceventrix.com\/\"},{\"@type\":\"ListItem\",\"position\":2,\"name\":\"News\"}]},{\"@type\":\"WebSite\",\"@id\":\"https:\/\/ceventrix.com\/#website\",\"url\":\"https:\/\/ceventrix.com\/\",\"name\":\"Ceventrix\",\"description\":\"For kosholdsbehandling av MS\",\"potentialAction\":[{\"@type\":\"SearchAction\",\"target\":{\"@type\":\"EntryPoint\",\"urlTemplate\":\"https:\/\/ceventrix.com\/?s={search_term_string}\"},\"query-input\":{\"@type\":\"PropertyValueSpecification\",\"valueRequired\":true,\"valueName\":\"search_term_string\"}}],\"inLanguage\":\"en-GB\"}]}<\/script>\n<!-- \/ Yoast SEO plugin. -->","yoast_head_json":{"title":"News - Ceventrix","robots":{"index":"index","follow":"follow","max-snippet":"max-snippet:-1","max-image-preview":"max-image-preview:large","max-video-preview":"max-video-preview:-1"},"canonical":"https:\/\/ceventrix.com\/en\/news\/","og_locale":"en_GB","og_type":"article","og_title":"News - Ceventrix","og_description":"News","og_url":"https:\/\/ceventrix.com\/en\/news\/","og_site_name":"Ceventrix","article_modified_time":"2021-11-08T10:10:32+00:00","twitter_card":"summary_large_image","twitter_misc":{"Estimated reading time":"1 minute"},"schema":{"@context":"https:\/\/schema.org","@graph":[{"@type":"WebPage","@id":"https:\/\/ceventrix.com\/en\/news\/","url":"https:\/\/ceventrix.com\/en\/news\/","name":"News - Ceventrix","isPartOf":{"@id":"https:\/\/ceventrix.com\/#website"},"datePublished":"2021-10-01T11:37:48+00:00","dateModified":"2021-11-08T10:10:32+00:00","breadcrumb":{"@id":"https:\/\/ceventrix.com\/en\/news\/#breadcrumb"},"inLanguage":"en-GB","potentialAction":[{"@type":"ReadAction","target":["https:\/\/ceventrix.com\/en\/news\/"]}]},{"@type":"BreadcrumbList","@id":"https:\/\/ceventrix.com\/en\/news\/#breadcrumb","itemListElement":[{"@type":"ListItem","position":1,"name":"Home","item":"https:\/\/ceventrix.com\/"},{"@type":"ListItem","position":2,"name":"News"}]},{"@type":"WebSite","@id":"https:\/\/ceventrix.com\/#website","url":"https:\/\/ceventrix.com\/","name":"Ceventrix","description":"For kosholdsbehandling av MS","potentialAction":[{"@type":"SearchAction","target":{"@type":"EntryPoint","urlTemplate":"https:\/\/ceventrix.com\/?s={search_term_string}"},"query-input":{"@type":"PropertyValueSpecification","valueRequired":true,"valueName":"search_term_string"}}],"inLanguage":"en-GB"}]}},"jetpack_sharing_enabled":true,"_links":{"self":[{"href":"https:\/\/ceventrix.com\/en\/wp-json\/wp\/v2\/pages\/1837","targetHints":{"allow":["GET"]}}],"collection":[{"href":"https:\/\/ceventrix.com\/en\/wp-json\/wp\/v2\/pages"}],"about":[{"href":"https:\/\/ceventrix.com\/en\/wp-json\/wp\/v2\/types\/page"}],"author":[{"embeddable":true,"href":"https:\/\/ceventrix.com\/en\/wp-json\/wp\/v2\/users\/1"}],"replies":[{"embeddable":true,"href":"https:\/\/ceventrix.com\/en\/wp-json\/wp\/v2\/comments?post=1837"}],"version-history":[{"count":5,"href":"https:\/\/ceventrix.com\/en\/wp-json\/wp\/v2\/pages\/1837\/revisions"}],"predecessor-version":[{"id":3311,"href":"https:\/\/ceventrix.com\/en\/wp-json\/wp\/v2\/pages\/1837\/revisions\/3311"}],"wp:attachment":[{"href":"https:\/\/ceventrix.com\/en\/wp-json\/wp\/v2\/media?parent=1837"}],"curies":[{"name":"wp","href":"https:\/\/api.w.org\/{rel}","templated":true}]}}