{"id":3172,"date":"2021-11-01T15:24:03","date_gmt":"2021-11-01T14:24:03","guid":{"rendered":"https:\/\/ceventrix.com\/?page_id=3172"},"modified":"2024-10-16T20:10:05","modified_gmt":"2024-10-16T19:10:05","slug":"home","status":"publish","type":"page","link":"https:\/\/ceventrix.com\/en\/home\/","title":{"rendered":"Home"},"content":{"rendered":"<div data-elementor-type=\"wp-page\" data-elementor-id=\"3172\" class=\"elementor elementor-3172\" data-elementor-post-type=\"page\">\n\t\t\t\t\t\t<section class=\"elementor-section elementor-top-section elementor-element elementor-element-17ed1fa5 elementor-section-boxed elementor-section-height-default elementor-section-height-default\" data-id=\"17ed1fa5\" data-element_type=\"section\" data-settings=\"{&quot;background_background&quot;:&quot;classic&quot;,&quot;shape_divider_bottom&quot;:&quot;curve&quot;}\">\n\t\t\t\t\t\t\t<div class=\"elementor-background-overlay\"><\/div>\n\t\t\t\t\t\t<div class=\"elementor-shape elementor-shape-bottom\" aria-hidden=\"true\" data-negative=\"false\">\n\t\t\t<svg xmlns=\"http:\/\/www.w3.org\/2000\/svg\" viewbox=\"0 0 1000 100\" preserveaspectratio=\"none\">\n    <path class=\"elementor-shape-fill\" d=\"M1000,4.3V0H0v4.3C0.9,23.1,126.7,99.2,500,100S1000,22.7,1000,4.3z\"\/>\n<\/svg>\t\t<\/div>\n\t\t\t\t\t<div class=\"elementor-container elementor-column-gap-default\">\n\t\t\t\t\t<div class=\"elementor-column elementor-col-100 elementor-top-column elementor-element elementor-element-430b54d6\" data-id=\"430b54d6\" data-element_type=\"column\">\n\t\t\t<div class=\"elementor-widget-wrap elementor-element-populated\">\n\t\t\t\t\t\t<section class=\"elementor-section elementor-inner-section elementor-element elementor-element-352c236 elementor-section-full_width elementor-section-height-default elementor-section-height-default\" data-id=\"352c236\" data-element_type=\"section\">\n\t\t\t\t\t\t<div class=\"elementor-container elementor-column-gap-default\">\n\t\t\t\t\t<div class=\"elementor-column elementor-col-50 elementor-inner-column elementor-element elementor-element-4e91b8ad\" data-id=\"4e91b8ad\" data-element_type=\"column\">\n\t\t\t<div class=\"elementor-widget-wrap elementor-element-populated\">\n\t\t\t\t\t\t<div class=\"elementor-element elementor-element-51608adb elementor-invisible elementor-widget elementor-widget-heading\" data-id=\"51608adb\" data-element_type=\"widget\" data-settings=\"{&quot;_animation&quot;:&quot;fadeIn&quot;}\" data-widget_type=\"heading.default\">\n\t\t\t\t<div class=\"elementor-widget-container\">\n\t\t\t\t\t<span class=\"elementor-heading-title elementor-size-default\">Gut health matters\n<\/span>\t\t\t\t<\/div>\n\t\t\t\t<\/div>\n\t\t\t\t<div class=\"elementor-element elementor-element-488bb2ed elementor-invisible elementor-widget elementor-widget-heading\" data-id=\"488bb2ed\" data-element_type=\"widget\" data-settings=\"{&quot;_animation&quot;:&quot;fadeIn&quot;}\" data-widget_type=\"heading.default\">\n\t\t\t\t<div class=\"elementor-widget-container\">\n\t\t\t\t\t<h1 class=\"elementor-heading-title elementor-size-default\">Manage MS through correction of a nutritional deficiency<\/h1>\t\t\t\t<\/div>\n\t\t\t\t<\/div>\n\t\t\t\t<div class=\"elementor-element elementor-element-52d901aa elementor-widget elementor-widget-button\" data-id=\"52d901aa\" data-element_type=\"widget\" data-widget_type=\"button.default\">\n\t\t\t\t<div class=\"elementor-widget-container\">\n\t\t\t\t\t\t\t\t\t<div class=\"elementor-button-wrapper\">\n\t\t\t\t\t<a class=\"elementor-button elementor-button-link elementor-size-md\" href=\"\/en\/about-ceventrix\/what-is-ceventrix\/\">\n\t\t\t\t\t\t<span class=\"elementor-button-content-wrapper\">\n\t\t\t\t\t\t<span class=\"elementor-button-icon\">\n\t\t\t\t<i aria-hidden=\"true\" class=\"far fa-arrow-alt-circle-right\"><\/i>\t\t\t<\/span>\n\t\t\t\t\t\t\t\t\t<span class=\"elementor-button-text\">Read more<\/span>\n\t\t\t\t\t<\/span>\n\t\t\t\t\t<\/a>\n\t\t\t\t<\/div>\n\t\t\t\t\t\t\t\t<\/div>\n\t\t\t\t<\/div>\n\t\t\t\t<div class=\"elementor-element elementor-element-18298e8 elementor-widget elementor-widget-button\" data-id=\"18298e8\" data-element_type=\"widget\" data-widget_type=\"button.default\">\n\t\t\t\t<div class=\"elementor-widget-container\">\n\t\t\t\t\t\t\t\t\t<div class=\"elementor-button-wrapper\">\n\t\t\t\t\t<a class=\"elementor-button elementor-button-link elementor-size-md\" href=\"#nyheter\">\n\t\t\t\t\t\t<span class=\"elementor-button-content-wrapper\">\n\t\t\t\t\t\t<span class=\"elementor-button-icon\">\n\t\t\t\t<i aria-hidden=\"true\" class=\"far fa-arrow-alt-circle-right\"><\/i>\t\t\t<\/span>\n\t\t\t\t\t\t\t\t\t<span class=\"elementor-button-text\">See our latest news<\/span>\n\t\t\t\t\t<\/span>\n\t\t\t\t\t<\/a>\n\t\t\t\t<\/div>\n\t\t\t\t\t\t\t\t<\/div>\n\t\t\t\t<\/div>\n\t\t\t\t\t<\/div>\n\t\t<\/div>\n\t\t\t\t<div class=\"elementor-column elementor-col-50 elementor-inner-column elementor-element elementor-element-272d555d\" data-id=\"272d555d\" data-element_type=\"column\" data-settings=\"{&quot;background_background&quot;:&quot;classic&quot;}\">\n\t\t\t<div class=\"elementor-widget-wrap elementor-element-populated\">\n\t\t\t\t\t\t<div class=\"elementor-element elementor-element-67377333 elementor-hidden-tablet elementor-hidden-mobile elementor-widget elementor-widget-image\" data-id=\"67377333\" data-element_type=\"widget\" data-settings=\"{&quot;motion_fx_motion_fx_scrolling&quot;:&quot;yes&quot;,&quot;motion_fx_translateY_effect&quot;:&quot;yes&quot;,&quot;motion_fx_translateY_speed&quot;:{&quot;unit&quot;:&quot;px&quot;,&quot;size&quot;:2,&quot;sizes&quot;:[]},&quot;motion_fx_translateY_affectedRange&quot;:{&quot;unit&quot;:&quot;%&quot;,&quot;size&quot;:&quot;&quot;,&quot;sizes&quot;:{&quot;start&quot;:0,&quot;end&quot;:100}},&quot;motion_fx_devices&quot;:[&quot;desktop&quot;,&quot;tablet&quot;,&quot;mobile&quot;]}\" data-widget_type=\"image.default\">\n\t\t\t\t<div class=\"elementor-widget-container\">\n\t\t\t\t\t\t\t\t\t\t\t\t\t\t\t<img fetchpriority=\"high\" decoding=\"async\" width=\"1024\" height=\"858\" src=\"https:\/\/ceventrix.com\/wp-content\/uploads\/2021\/06\/Ceventrix-w-transparent-1024x858.png\" class=\"attachment-large size-large wp-image-369\" alt=\"\" srcset=\"https:\/\/ceventrix.com\/wp-content\/uploads\/2021\/06\/Ceventrix-w-transparent-1024x858.png 1024w, https:\/\/ceventrix.com\/wp-content\/uploads\/2021\/06\/Ceventrix-w-transparent-600x503.png 600w, https:\/\/ceventrix.com\/wp-content\/uploads\/2021\/06\/Ceventrix-w-transparent-300x251.png 300w, https:\/\/ceventrix.com\/wp-content\/uploads\/2021\/06\/Ceventrix-w-transparent-768x644.png 768w, https:\/\/ceventrix.com\/wp-content\/uploads\/2021\/06\/Ceventrix-w-transparent-1536x1288.png 1536w, https:\/\/ceventrix.com\/wp-content\/uploads\/2021\/06\/Ceventrix-w-transparent.png 2048w\" sizes=\"(max-width: 1024px) 100vw, 1024px\" \/>\t\t\t\t\t\t\t\t\t\t\t\t\t\t\t<\/div>\n\t\t\t\t<\/div>\n\t\t\t\t\t<\/div>\n\t\t<\/div>\n\t\t\t\t\t<\/div>\n\t\t<\/section>\n\t\t\t\t\t<\/div>\n\t\t<\/div>\n\t\t\t\t\t<\/div>\n\t\t<\/section>\n\t\t\t\t<section class=\"elementor-section elementor-top-section elementor-element elementor-element-58549a2c elementor-section-content-middle elementor-reverse-tablet elementor-reverse-mobile elementor-section-boxed elementor-section-height-default elementor-section-height-default\" data-id=\"58549a2c\" data-element_type=\"section\" data-settings=\"{&quot;background_background&quot;:&quot;classic&quot;}\">\n\t\t\t\t\t\t\t<div class=\"elementor-background-overlay\"><\/div>\n\t\t\t\t\t\t\t<div class=\"elementor-container elementor-column-gap-default\">\n\t\t\t\t\t<div class=\"elementor-column elementor-col-50 elementor-top-column elementor-element elementor-element-288d22ea\" data-id=\"288d22ea\" data-element_type=\"column\">\n\t\t\t<div class=\"elementor-widget-wrap elementor-element-populated\">\n\t\t\t\t\t\t<div class=\"elementor-element elementor-element-4408fee elementor-widget elementor-widget-image\" data-id=\"4408fee\" data-element_type=\"widget\" data-widget_type=\"image.default\">\n\t\t\t\t<div class=\"elementor-widget-container\">\n\t\t\t\t\t\t\t\t\t\t\t\t\t\t\t<img decoding=\"async\" width=\"1024\" height=\"1024\" src=\"https:\/\/ceventrix.com\/wp-content\/uploads\/2021\/08\/shutterstock_1614968269-1024x1024.jpg\" class=\"attachment-large size-large wp-image-736\" alt=\"\" srcset=\"https:\/\/ceventrix.com\/wp-content\/uploads\/2021\/08\/shutterstock_1614968269-1024x1024.jpg 1024w, https:\/\/ceventrix.com\/wp-content\/uploads\/2021\/08\/shutterstock_1614968269-300x300.jpg 300w, https:\/\/ceventrix.com\/wp-content\/uploads\/2021\/08\/shutterstock_1614968269-100x100.jpg 100w, https:\/\/ceventrix.com\/wp-content\/uploads\/2021\/08\/shutterstock_1614968269-600x600.jpg 600w, https:\/\/ceventrix.com\/wp-content\/uploads\/2021\/08\/shutterstock_1614968269-150x150.jpg 150w, https:\/\/ceventrix.com\/wp-content\/uploads\/2021\/08\/shutterstock_1614968269-768x768.jpg 768w, https:\/\/ceventrix.com\/wp-content\/uploads\/2021\/08\/shutterstock_1614968269.jpg 1080w\" sizes=\"(max-width: 1024px) 100vw, 1024px\" \/>\t\t\t\t\t\t\t\t\t\t\t\t\t\t\t<\/div>\n\t\t\t\t<\/div>\n\t\t\t\t\t<\/div>\n\t\t<\/div>\n\t\t\t\t<div class=\"elementor-column elementor-col-50 elementor-top-column elementor-element elementor-element-6e80d94\" data-id=\"6e80d94\" data-element_type=\"column\">\n\t\t\t<div class=\"elementor-widget-wrap elementor-element-populated\">\n\t\t\t\t\t\t<div class=\"elementor-element elementor-element-5889496 elementor-invisible elementor-widget elementor-widget-heading\" data-id=\"5889496\" data-element_type=\"widget\" data-settings=\"{&quot;_animation&quot;:&quot;fadeIn&quot;}\" data-widget_type=\"heading.default\">\n\t\t\t\t<div class=\"elementor-widget-container\">\n\t\t\t\t\t<h2 class=\"elementor-heading-title elementor-size-default\">The role of gut bacteria in Multiple Sclerosis<\/h2>\t\t\t\t<\/div>\n\t\t\t\t<\/div>\n\t\t\t\t<div class=\"elementor-element elementor-element-56741d1 elementor-invisible elementor-widget elementor-widget-text-editor\" data-id=\"56741d1\" data-element_type=\"widget\" data-settings=\"{&quot;_animation&quot;:&quot;fadeIn&quot;,&quot;_animation_delay&quot;:250}\" data-widget_type=\"text-editor.default\">\n\t\t\t\t<div class=\"elementor-widget-container\">\n\t\t\t\t\t\t\t\t\t<p style=\"font-weight: 400;\">Over the last two decades we have learnt a lot about how our gut bacteria (the gut microbiome) can affect the brain, the so-called gut-brain axis. This can happen through a number of ways, but one of the most important is through the effects the microbiome has on our immune system.<\/p>\n<p style=\"font-weight: 400;\">The microbiome \u201ceducates\u201d our immune system and if the types of bacteria are unbalanced then our immune system can also lose its balance, leading to inflammation and auto-immune activity. Many studies have shown that people with MS have an abnormal pattern of bacteria, a state known as dysbiosis.&nbsp;&nbsp;<\/p>\n<p style=\"font-weight: 400;\">Studies performed in the US, EU and China all show that this dysbiosis results in a reduction in propionate.&nbsp;<span style=\"font-style: inherit;\"><span style=\"font-weight: 400;\">Reduced levels of propionate can lead to an increase in inflammatory immune cells which can be a factor in multiple sclerosis.<\/span><\/span>&nbsp;CEVENTRIX\u2122 provides a dose intended to restore the natural levels of propionate required in our body.<\/p>\n<p style=\"font-weight: 400;\">By correcting propionate deficiency through diet, CEVENTRIX\u2122 helps the body to restore a more natural immune balance.&nbsp;<\/p>\n<p style=\"font-weight: 400;\">CEVENTRIX\u2122 has no additives and is produced in Norway under the quality standard called HACCP.<\/p>\t\t\t\t\t\t\t\t<\/div>\n\t\t\t\t<\/div>\n\t\t\t\t\t<\/div>\n\t\t<\/div>\n\t\t\t\t\t<\/div>\n\t\t<\/section>\n\t\t\t\t<section class=\"elementor-section elementor-top-section elementor-element elementor-element-8fcfdc3 elementor-section-boxed elementor-section-height-default elementor-section-height-default\" data-id=\"8fcfdc3\" data-element_type=\"section\" id=\"nyheter\" data-settings=\"{&quot;background_background&quot;:&quot;classic&quot;}\">\n\t\t\t\t\t\t<div class=\"elementor-container elementor-column-gap-default\">\n\t\t\t\t\t<div class=\"elementor-column elementor-col-100 elementor-top-column elementor-element elementor-element-e1eee2e\" data-id=\"e1eee2e\" data-element_type=\"column\">\n\t\t\t<div class=\"elementor-widget-wrap elementor-element-populated\">\n\t\t\t\t\t\t<div class=\"elementor-element elementor-element-d32c2f7 elementor-widget elementor-widget-heading\" data-id=\"d32c2f7\" data-element_type=\"widget\" data-widget_type=\"heading.default\">\n\t\t\t\t<div class=\"elementor-widget-container\">\n\t\t\t\t\t<h2 class=\"elementor-heading-title elementor-size-default\">News<\/h2>\t\t\t\t<\/div>\n\t\t\t\t<\/div>\n\t\t\t\t<div class=\"elementor-element elementor-element-39ebc8c elementor-grid-2 elementor-grid-tablet-1 elementor-grid-mobile-1 elementor-posts--thumbnail-top elementor-card-shadow-yes elementor-posts__hover-gradient elementor-widget elementor-widget-posts\" data-id=\"39ebc8c\" data-element_type=\"widget\" data-settings=\"{&quot;cards_columns&quot;:&quot;2&quot;,&quot;cards_columns_tablet&quot;:&quot;1&quot;,&quot;cards_columns_mobile&quot;:&quot;1&quot;,&quot;cards_row_gap&quot;:{&quot;unit&quot;:&quot;px&quot;,&quot;size&quot;:35,&quot;sizes&quot;:[]},&quot;cards_row_gap_tablet&quot;:{&quot;unit&quot;:&quot;px&quot;,&quot;size&quot;:&quot;&quot;,&quot;sizes&quot;:[]},&quot;cards_row_gap_mobile&quot;:{&quot;unit&quot;:&quot;px&quot;,&quot;size&quot;:&quot;&quot;,&quot;sizes&quot;:[]}}\" data-widget_type=\"posts.cards\">\n\t\t\t\t<div class=\"elementor-widget-container\">\n\t\t\t\t\t\t\t<div class=\"elementor-posts-container elementor-posts elementor-posts--skin-cards elementor-grid\" role=\"list\">\n\t\t\t\t<article class=\"elementor-post elementor-grid-item post-3810 post type-post status-publish format-standard has-post-thumbnail hentry category-norsk tag-ceventrix tag-norsk entry has-media\" role=\"listitem\">\n\t\t\t<div class=\"elementor-post__card\">\n\t\t\t\t<a class=\"elementor-post__thumbnail__link\" href=\"https:\/\/ceventrix.com\/en\/ny-artikkel-om-ernaering-er-publisert-2\/\" tabindex=\"-1\" ><div class=\"elementor-post__thumbnail\"><img decoding=\"async\" width=\"630\" height=\"946\" src=\"https:\/\/ceventrix.com\/wp-content\/uploads\/2023\/02\/Nutritional-paper-1.jpg\" class=\"attachment-large size-large wp-image-3800\" alt=\"\" srcset=\"https:\/\/ceventrix.com\/wp-content\/uploads\/2023\/02\/Nutritional-paper-1.jpg 630w, https:\/\/ceventrix.com\/wp-content\/uploads\/2023\/02\/Nutritional-paper-1-200x300.jpg 200w, https:\/\/ceventrix.com\/wp-content\/uploads\/2023\/02\/Nutritional-paper-1-600x901.jpg 600w\" sizes=\"(max-width: 630px) 100vw, 630px\" \/><\/div><\/a>\n\t\t\t\t<div class=\"elementor-post__text\">\n\t\t\t\t<h3 class=\"elementor-post__title\">\n\t\t\t<a href=\"https:\/\/ceventrix.com\/en\/ny-artikkel-om-ernaering-er-publisert-2\/\" >\n\t\t\t\tNy artikkel om ern\u00e6ring er publisert!\t\t\t<\/a>\n\t\t<\/h3>\n\t\t\t\t<div class=\"elementor-post__excerpt\">\n\t\t\t<p>Vi i DAHRT Biocare er stolte av \u00e5 presentere v\u00e5r nye sammendrags-artikkel om ern\u00e6ringsr\u00e5d for mennesker med multippel sklerose<\/p>\n\t\t<\/div>\n\t\t\n\t\t<a class=\"elementor-post__read-more\" href=\"https:\/\/ceventrix.com\/en\/ny-artikkel-om-ernaering-er-publisert-2\/\" aria-label=\"Read more about Ny artikkel om ern\u00e6ring er publisert!\" tabindex=\"-1\" >\n\t\t\tRead more \u00bb\t\t<\/a>\n\n\t\t\t\t<\/div>\n\t\t\t\t<div class=\"elementor-post__meta-data\">\n\t\t\t\t\t<span class=\"elementor-post-date\">\n\t\t\t28\/02\/2023\t\t<\/span>\n\t\t\t\t<\/div>\n\t\t\t\t\t<\/div>\n\t\t<\/article>\n\t\t\t\t<article class=\"elementor-post elementor-grid-item post-3782 post type-post status-publish format-standard has-post-thumbnail hentry category-uncategorized-en entry has-media\" role=\"listitem\">\n\t\t\t<div class=\"elementor-post__card\">\n\t\t\t\t<a class=\"elementor-post__thumbnail__link\" href=\"https:\/\/ceventrix.com\/en\/ceventrix-is-now-available-2\/\" tabindex=\"-1\" ><div class=\"elementor-post__thumbnail\"><img loading=\"lazy\" decoding=\"async\" width=\"630\" height=\"946\" src=\"https:\/\/ceventrix.com\/wp-content\/uploads\/2023\/02\/Nutritional-paper.jpg\" class=\"attachment-large size-large wp-image-3785\" alt=\"\" srcset=\"https:\/\/ceventrix.com\/wp-content\/uploads\/2023\/02\/Nutritional-paper.jpg 630w, https:\/\/ceventrix.com\/wp-content\/uploads\/2023\/02\/Nutritional-paper-200x300.jpg 200w, https:\/\/ceventrix.com\/wp-content\/uploads\/2023\/02\/Nutritional-paper-600x901.jpg 600w\" sizes=\"(max-width: 630px) 100vw, 630px\" \/><\/div><\/a>\n\t\t\t\t<div class=\"elementor-post__text\">\n\t\t\t\t<h3 class=\"elementor-post__title\">\n\t\t\t<a href=\"https:\/\/ceventrix.com\/en\/ceventrix-is-now-available-2\/\" >\n\t\t\t\tNew nutritional paper published\t\t\t<\/a>\n\t\t<\/h3>\n\t\t\t\t<div class=\"elementor-post__excerpt\">\n\t\t\t<p>We in DAHRT Biocare are proud to present our review of nutritional advice for people with Multiple Sclerosis.<\/p>\n\t\t<\/div>\n\t\t\n\t\t<a class=\"elementor-post__read-more\" href=\"https:\/\/ceventrix.com\/en\/ceventrix-is-now-available-2\/\" aria-label=\"Read more about New nutritional paper published\" tabindex=\"-1\" >\n\t\t\tRead more \u00bb\t\t<\/a>\n\n\t\t\t\t<\/div>\n\t\t\t\t<div class=\"elementor-post__meta-data\">\n\t\t\t\t\t<span class=\"elementor-post-date\">\n\t\t\t27\/02\/2023\t\t<\/span>\n\t\t\t\t<\/div>\n\t\t\t\t\t<\/div>\n\t\t<\/article>\n\t\t\t\t<\/div>\n\t\t\n\t\t\t\t\t\t<\/div>\n\t\t\t\t<\/div>\n\t\t\t\t<div class=\"elementor-element elementor-element-28bfa1a elementor-tablet-align-center elementor-align-center elementor-invisible elementor-widget elementor-widget-button\" data-id=\"28bfa1a\" data-element_type=\"widget\" data-settings=\"{&quot;_animation&quot;:&quot;pulse&quot;,&quot;_animation_delay&quot;:300}\" data-widget_type=\"button.default\">\n\t\t\t\t<div class=\"elementor-widget-container\">\n\t\t\t\t\t\t\t\t\t<div class=\"elementor-button-wrapper\">\n\t\t\t\t\t<a class=\"elementor-button elementor-button-link elementor-size-lg elementor-animation-grow\" href=\"\/news\">\n\t\t\t\t\t\t<span class=\"elementor-button-content-wrapper\">\n\t\t\t\t\t\t<span class=\"elementor-button-icon\">\n\t\t\t\t<i aria-hidden=\"true\" class=\"far fa-arrow-alt-circle-right\"><\/i>\t\t\t<\/span>\n\t\t\t\t\t\t\t\t\t<span class=\"elementor-button-text\">News archive<\/span>\n\t\t\t\t\t<\/span>\n\t\t\t\t\t<\/a>\n\t\t\t\t<\/div>\n\t\t\t\t\t\t\t\t<\/div>\n\t\t\t\t<\/div>\n\t\t\t\t\t<\/div>\n\t\t<\/div>\n\t\t\t\t\t<\/div>\n\t\t<\/section>\n\t\t\t\t<\/div>","protected":false},"excerpt":{"rendered":"<p>Gut health matters Manage MS through correction of a nutritional deficiency Read more See our latest news The role of gut bacteria in Multiple Sclerosis Over the last two decades we have learnt a lot about how our gut bacteria (the gut microbiome) can affect the brain, the so-called gut-brain axis. This can happen through [&hellip;]<\/p>","protected":false},"author":1,"featured_media":0,"parent":0,"menu_order":0,"comment_status":"closed","ping_status":"closed","template":"elementor_header_footer","meta":{"footnotes":""},"class_list":["post-3172","page","type-page","status-publish","hentry","entry","has-media"],"yoast_head":"<!-- This site is optimized with the Yoast SEO plugin v26.2 - https:\/\/yoast.com\/wordpress\/plugins\/seo\/ -->\n<title>Ceventrix | Dietary management of MS<\/title>\n<meta name=\"description\" content=\"MS kan h\u00e5ndteres ved \u00e5 korrigere en ern\u00e6ringsmangel. Ved \u00e5 korrigere propionat-mangel, hjelper CEVENTRIX\u2122 kroppen.\" \/>\n<meta name=\"robots\" content=\"index, follow, max-snippet:-1, max-image-preview:large, max-video-preview:-1\" \/>\n<link rel=\"canonical\" href=\"https:\/\/ceventrix.com\/en\/home\/\" \/>\n<meta property=\"og:locale\" content=\"en_GB\" \/>\n<meta property=\"og:type\" content=\"article\" \/>\n<meta property=\"og:title\" content=\"Ceventrix | Dietary management of MS\" \/>\n<meta property=\"og:description\" content=\"MS kan h\u00e5ndteres ved \u00e5 korrigere en ern\u00e6ringsmangel. Ved \u00e5 korrigere propionat-mangel, hjelper CEVENTRIX\u2122 kroppen.\" \/>\n<meta property=\"og:url\" content=\"https:\/\/ceventrix.com\/en\/home\/\" \/>\n<meta property=\"og:site_name\" content=\"Ceventrix\" \/>\n<meta property=\"article:modified_time\" content=\"2024-10-16T19:10:05+00:00\" \/>\n<meta property=\"og:image\" content=\"https:\/\/ceventrix.com\/wp-content\/uploads\/2021\/06\/Ceventrix-w-transparent.png\" \/>\n\t<meta property=\"og:image:width\" content=\"2048\" \/>\n\t<meta property=\"og:image:height\" content=\"1717\" \/>\n\t<meta property=\"og:image:type\" content=\"image\/png\" \/>\n<meta name=\"twitter:card\" content=\"summary_large_image\" \/>\n<meta name=\"twitter:label1\" content=\"Estimated reading time\" \/>\n\t<meta name=\"twitter:data1\" content=\"3 minutes\" \/>\n<script type=\"application\/ld+json\" class=\"yoast-schema-graph\">{\"@context\":\"https:\/\/schema.org\",\"@graph\":[{\"@type\":\"WebPage\",\"@id\":\"https:\/\/ceventrix.com\/home\/\",\"url\":\"https:\/\/ceventrix.com\/home\/\",\"name\":\"Ceventrix | Dietary management of MS\",\"isPartOf\":{\"@id\":\"https:\/\/ceventrix.com\/#website\"},\"primaryImageOfPage\":{\"@id\":\"https:\/\/ceventrix.com\/home\/#primaryimage\"},\"image\":{\"@id\":\"https:\/\/ceventrix.com\/home\/#primaryimage\"},\"thumbnailUrl\":\"https:\/\/ceventrix.com\/wp-content\/uploads\/2021\/06\/Ceventrix-w-transparent-1024x858.png\",\"datePublished\":\"2021-11-01T14:24:03+00:00\",\"dateModified\":\"2024-10-16T19:10:05+00:00\",\"description\":\"MS kan h\u00e5ndteres ved \u00e5 korrigere en ern\u00e6ringsmangel. Ved \u00e5 korrigere propionat-mangel, hjelper CEVENTRIX\u2122 kroppen.\",\"breadcrumb\":{\"@id\":\"https:\/\/ceventrix.com\/home\/#breadcrumb\"},\"inLanguage\":\"en-GB\",\"potentialAction\":[{\"@type\":\"ReadAction\",\"target\":[\"https:\/\/ceventrix.com\/home\/\"]}]},{\"@type\":\"ImageObject\",\"inLanguage\":\"en-GB\",\"@id\":\"https:\/\/ceventrix.com\/home\/#primaryimage\",\"url\":\"https:\/\/ceventrix.com\/wp-content\/uploads\/2021\/06\/Ceventrix-w-transparent-1024x858.png\",\"contentUrl\":\"https:\/\/ceventrix.com\/wp-content\/uploads\/2021\/06\/Ceventrix-w-transparent-1024x858.png\"},{\"@type\":\"BreadcrumbList\",\"@id\":\"https:\/\/ceventrix.com\/home\/#breadcrumb\",\"itemListElement\":[{\"@type\":\"ListItem\",\"position\":1,\"name\":\"Home\",\"item\":\"https:\/\/ceventrix.com\/\"},{\"@type\":\"ListItem\",\"position\":2,\"name\":\"Home\"}]},{\"@type\":\"WebSite\",\"@id\":\"https:\/\/ceventrix.com\/#website\",\"url\":\"https:\/\/ceventrix.com\/\",\"name\":\"Ceventrix\",\"description\":\"For kosholdsbehandling av MS\",\"potentialAction\":[{\"@type\":\"SearchAction\",\"target\":{\"@type\":\"EntryPoint\",\"urlTemplate\":\"https:\/\/ceventrix.com\/?s={search_term_string}\"},\"query-input\":{\"@type\":\"PropertyValueSpecification\",\"valueRequired\":true,\"valueName\":\"search_term_string\"}}],\"inLanguage\":\"en-GB\"}]}<\/script>\n<!-- \/ Yoast SEO plugin. -->","yoast_head_json":{"title":"Ceventrix | Dietary management of MS","description":"MS kan h\u00e5ndteres ved \u00e5 korrigere en ern\u00e6ringsmangel. Ved \u00e5 korrigere propionat-mangel, hjelper CEVENTRIX\u2122 kroppen.","robots":{"index":"index","follow":"follow","max-snippet":"max-snippet:-1","max-image-preview":"max-image-preview:large","max-video-preview":"max-video-preview:-1"},"canonical":"https:\/\/ceventrix.com\/en\/home\/","og_locale":"en_GB","og_type":"article","og_title":"Ceventrix | Dietary management of MS","og_description":"MS kan h\u00e5ndteres ved \u00e5 korrigere en ern\u00e6ringsmangel. Ved \u00e5 korrigere propionat-mangel, hjelper CEVENTRIX\u2122 kroppen.","og_url":"https:\/\/ceventrix.com\/en\/home\/","og_site_name":"Ceventrix","article_modified_time":"2024-10-16T19:10:05+00:00","og_image":[{"width":2048,"height":1717,"url":"https:\/\/ceventrix.com\/wp-content\/uploads\/2021\/06\/Ceventrix-w-transparent.png","type":"image\/png"}],"twitter_card":"summary_large_image","twitter_misc":{"Estimated reading time":"3 minutes"},"schema":{"@context":"https:\/\/schema.org","@graph":[{"@type":"WebPage","@id":"https:\/\/ceventrix.com\/home\/","url":"https:\/\/ceventrix.com\/home\/","name":"Ceventrix | Dietary management of MS","isPartOf":{"@id":"https:\/\/ceventrix.com\/#website"},"primaryImageOfPage":{"@id":"https:\/\/ceventrix.com\/home\/#primaryimage"},"image":{"@id":"https:\/\/ceventrix.com\/home\/#primaryimage"},"thumbnailUrl":"https:\/\/ceventrix.com\/wp-content\/uploads\/2021\/06\/Ceventrix-w-transparent-1024x858.png","datePublished":"2021-11-01T14:24:03+00:00","dateModified":"2024-10-16T19:10:05+00:00","description":"MS kan h\u00e5ndteres ved \u00e5 korrigere en ern\u00e6ringsmangel. Ved \u00e5 korrigere propionat-mangel, hjelper CEVENTRIX\u2122 kroppen.","breadcrumb":{"@id":"https:\/\/ceventrix.com\/home\/#breadcrumb"},"inLanguage":"en-GB","potentialAction":[{"@type":"ReadAction","target":["https:\/\/ceventrix.com\/home\/"]}]},{"@type":"ImageObject","inLanguage":"en-GB","@id":"https:\/\/ceventrix.com\/home\/#primaryimage","url":"https:\/\/ceventrix.com\/wp-content\/uploads\/2021\/06\/Ceventrix-w-transparent-1024x858.png","contentUrl":"https:\/\/ceventrix.com\/wp-content\/uploads\/2021\/06\/Ceventrix-w-transparent-1024x858.png"},{"@type":"BreadcrumbList","@id":"https:\/\/ceventrix.com\/home\/#breadcrumb","itemListElement":[{"@type":"ListItem","position":1,"name":"Home","item":"https:\/\/ceventrix.com\/"},{"@type":"ListItem","position":2,"name":"Home"}]},{"@type":"WebSite","@id":"https:\/\/ceventrix.com\/#website","url":"https:\/\/ceventrix.com\/","name":"Ceventrix","description":"For kosholdsbehandling av MS","potentialAction":[{"@type":"SearchAction","target":{"@type":"EntryPoint","urlTemplate":"https:\/\/ceventrix.com\/?s={search_term_string}"},"query-input":{"@type":"PropertyValueSpecification","valueRequired":true,"valueName":"search_term_string"}}],"inLanguage":"en-GB"}]}},"jetpack_sharing_enabled":true,"_links":{"self":[{"href":"https:\/\/ceventrix.com\/en\/wp-json\/wp\/v2\/pages\/3172","targetHints":{"allow":["GET"]}}],"collection":[{"href":"https:\/\/ceventrix.com\/en\/wp-json\/wp\/v2\/pages"}],"about":[{"href":"https:\/\/ceventrix.com\/en\/wp-json\/wp\/v2\/types\/page"}],"author":[{"embeddable":true,"href":"https:\/\/ceventrix.com\/en\/wp-json\/wp\/v2\/users\/1"}],"replies":[{"embeddable":true,"href":"https:\/\/ceventrix.com\/en\/wp-json\/wp\/v2\/comments?post=3172"}],"version-history":[{"count":5,"href":"https:\/\/ceventrix.com\/en\/wp-json\/wp\/v2\/pages\/3172\/revisions"}],"predecessor-version":[{"id":3957,"href":"https:\/\/ceventrix.com\/en\/wp-json\/wp\/v2\/pages\/3172\/revisions\/3957"}],"wp:attachment":[{"href":"https:\/\/ceventrix.com\/en\/wp-json\/wp\/v2\/media?parent=3172"}],"curies":[{"name":"wp","href":"https:\/\/api.w.org\/{rel}","templated":true}]}}