{"id":506,"date":"2021-08-23T10:22:53","date_gmt":"2021-08-23T09:22:53","guid":{"rendered":"https:\/\/ceventrix.com\/?page_id=506"},"modified":"2021-11-08T11:10:23","modified_gmt":"2021-11-08T10:10:23","slug":"mikrobiom-i-ms","status":"publish","type":"page","link":"https:\/\/ceventrix.com\/en\/for-helsepersonell\/mikrobiom-i-ms\/","title":{"rendered":"Microbiome in MS"},"content":{"rendered":"<div data-elementor-type=\"wp-page\" data-elementor-id=\"506\" class=\"elementor elementor-506\" data-elementor-post-type=\"page\">\n\t\t\t\t\t\t<section class=\"elementor-section elementor-top-section elementor-element elementor-element-562bfc08 elementor-section-height-min-height elementor-section-boxed elementor-section-height-default elementor-section-items-middle\" data-id=\"562bfc08\" data-element_type=\"section\" data-settings=\"{&quot;background_background&quot;:&quot;classic&quot;,&quot;shape_divider_bottom&quot;:&quot;curve&quot;}\">\n\t\t\t\t\t<div class=\"elementor-shape elementor-shape-bottom\" aria-hidden=\"true\" data-negative=\"false\">\n\t\t\t<svg xmlns=\"http:\/\/www.w3.org\/2000\/svg\" viewbox=\"0 0 1000 100\" preserveaspectratio=\"none\">\n    <path class=\"elementor-shape-fill\" d=\"M1000,4.3V0H0v4.3C0.9,23.1,126.7,99.2,500,100S1000,22.7,1000,4.3z\"\/>\n<\/svg>\t\t<\/div>\n\t\t\t\t\t<div class=\"elementor-container elementor-column-gap-default\">\n\t\t\t\t\t<div class=\"elementor-column elementor-col-100 elementor-top-column elementor-element elementor-element-89e39a5\" data-id=\"89e39a5\" data-element_type=\"column\">\n\t\t\t<div class=\"elementor-widget-wrap elementor-element-populated\">\n\t\t\t\t\t\t<section class=\"elementor-section elementor-inner-section elementor-element elementor-element-7d8691c9 elementor-section-boxed elementor-section-height-default elementor-section-height-default\" data-id=\"7d8691c9\" data-element_type=\"section\">\n\t\t\t\t\t\t<div class=\"elementor-container elementor-column-gap-default\">\n\t\t\t\t\t<div class=\"elementor-column elementor-col-100 elementor-inner-column elementor-element elementor-element-20b54d52\" data-id=\"20b54d52\" data-element_type=\"column\">\n\t\t\t<div class=\"elementor-widget-wrap elementor-element-populated\">\n\t\t\t\t\t\t<div class=\"elementor-element elementor-element-73547b49 elementor-widget elementor-widget-heading\" data-id=\"73547b49\" data-element_type=\"widget\" data-widget_type=\"heading.default\">\n\t\t\t\t<div class=\"elementor-widget-container\">\n\t\t\t\t\t<h1 class=\"elementor-heading-title elementor-size-default\">Microbiome in Multiple Sclerosis\u200b<\/h1>\t\t\t\t<\/div>\n\t\t\t\t<\/div>\n\t\t\t\t\t<\/div>\n\t\t<\/div>\n\t\t\t\t\t<\/div>\n\t\t<\/section>\n\t\t\t\t\t<\/div>\n\t\t<\/div>\n\t\t\t\t\t<\/div>\n\t\t<\/section>\n\t\t\t\t<section class=\"elementor-section elementor-top-section elementor-element elementor-element-2a983073 elementor-section-boxed elementor-section-height-default elementor-section-height-default\" data-id=\"2a983073\" data-element_type=\"section\">\n\t\t\t\t\t\t<div class=\"elementor-container elementor-column-gap-default\">\n\t\t\t\t\t<div class=\"elementor-column elementor-col-100 elementor-top-column elementor-element elementor-element-4e1f8d4\" data-id=\"4e1f8d4\" data-element_type=\"column\">\n\t\t\t<div class=\"elementor-widget-wrap elementor-element-populated\">\n\t\t\t\t\t\t<div class=\"elementor-element elementor-element-d52c616 elementor-widget elementor-widget-text-editor\" data-id=\"d52c616\" data-element_type=\"widget\" data-widget_type=\"text-editor.default\">\n\t\t\t\t<div class=\"elementor-widget-container\">\n\t\t\t\t\t\t\t\t\t<p><span style=\"font-weight: 400;\">Over the past 20 years or so a wealth of research has given us a better understanding of the bacterial environment in the human gut. A well-balanced environment is important for \u201ceducating\u201d and regulating our immune system. Amongst others, this enables us to fight various infections. It is also important for the body\u2019s ability to manage other conditions or diseases where the immune system plays a role, such as in MS. It is evident that there is a biological link between our gut and the brain. This link is often referred to as the \u201cgut-brain axis\u201d.<\/span><\/p>\n<p><span style=\"font-weight: 400;\">The food we eat contains certain fibers that our gut bacteria live off. When the gut bacteria consume and process fibers from our food, they produce certain proteins and fatty acids. These are the substances affecting our immune system. The fatty acids are often referred to as Short Chain Fatty Acids (SCFA).<\/span><\/p>\n<p><span style=\"font-weight: 400;\">Studies demonstrate dysbiosis associated with MS, however the exact taxa or species varies from study to study, possibly due to genetic background, geography, food and cultural differences. Functional analysis shows that despite differences in dysbiosis patterns, all studies show a reduction in short-chain fatty acid producing bacteria (Zenga 2019, Takewaki 2020).<\/span><\/p>\n<p><span style=\"font-weight: 400;\">This is further supported by studies showing that short chain fatty acids are reduced in the stool and plasma of people with MS. These studies show a consistent pattern of lowered propionate levels in people with MS independent of MS type (Zeng 2019, Duscha 2020, Takewaki 2020, Park 2019, Trend 2021).<\/span><\/p>\n<h2><b>The role of propionate in MS<\/b><\/h2>\n<p><span style=\"font-weight: 400;\">Numerous articles describe how propionate levels are important in maintaining normal levels of T-cell number and activity. In vitro, and in vivo animal data, as well as recent research in patients with MS show that supplemental propionate restores suppressed levels of the anti-inflammatory FoxP3-T-reg cell population and activity and at the same time decreases activity and number of pro-inflammatory Th17 cells (Smith 2013, Park 2015, Haase 2018). This can be considered as a shift of the immune system away from the pro-inflammatory MS state to a normalized state.<\/span><\/p>\n<p><span style=\"font-weight: 400;\">A groundbreaking human clinical study, published in Cell 2020, demonstrated that supplementation with 1 g propionate restores T-cell activity towards a normal state as described above. This study was performed on people with both RRMS, SPMS, and PPMS with similar results in each patient cohort. Patients remained on their standard medications and no negative drug interactions were noted. For further details see Duscha et al 2020. This study also confirmed previous findings associating low levels of propionate with increased MS progression and annual relapse rates (Mizuno 2017, Haghikia 2015, Park 2019, Chitrala 2017, Duscha et al 2020).  The study is an important milestone in establishing that propionate is a specific nutritional requirement of people with MS. This has been further described in a recent review paper (Tobin 2021).&nbsp;&nbsp;<\/span><\/p>\n<p><span style=\"font-weight: 400;\">For more information see:<\/span><\/p>\n<p style=\"font-variant-ligatures: normal; font-variant-caps: normal; font-family: &quot;Open Sans&quot;, sans-serif; font-size: 18px; font-style: normal; font-weight: 400;\"><span style=\"font-size: 18px; font-weight: 400;\">Duscha et al 2020:&nbsp;<\/span><a href=\"https:\/\/pubmed.ncbi.nlm.nih.gov\/32160527\/\" target=\"_blank\" rel=\"noopener\" data-saferedirecturl=\"https:\/\/www.google.com\/url?q=https:\/\/pubmed.ncbi.nlm.nih.gov\/32160527\/&amp;source=gmail&amp;ust=1633425326002000&amp;usg=AFQjCNG1BHFViFrEsNav1cjtsPgoajylWw\" style=\"font-variant-ligatures: normal; font-variant-caps: normal; font-family: &quot;Open Sans&quot;, sans-serif; font-size: 18px; font-style: normal; font-weight: 400; background-color: rgb(255, 255, 255); color: rgb(0, 0, 255);\">https:\/\/pubmed.ncbi.nlm.nih.<wbr>gov\/32160527\/<\/a><\/p><p style=\"font-variant-ligatures: normal; font-variant-caps: normal; font-family: &quot;Open Sans&quot;, sans-serif; font-size: 18px; font-style: normal; font-weight: 400;\">Tobin et al 2021:&nbsp;<a href=\"https:\/\/pubmed.ncbi.nlm.nih.gov\/34394076\/\" target=\"_blank\" rel=\"noopener\" data-saferedirecturl=\"https:\/\/www.google.com\/url?q=https:\/\/pubmed.ncbi.nlm.nih.gov\/34394076\/&amp;source=gmail&amp;ust=1633425326002000&amp;usg=AFQjCNHOcNqLWIkHSd-IuHQPiHY0RHSBMw\" style=\"font-variant-ligatures: normal; font-variant-caps: normal; font-family: &quot;Open Sans&quot;, sans-serif; font-size: 18px; font-style: normal; font-weight: 400; background-color: rgb(255, 255, 255); color: rgb(0, 0, 255);\">https:\/\/pubmed.ncbi.nlm.nih.<wbr>gov\/34394076\/<\/a><\/p>\t\t\t\t\t\t\t\t<\/div>\n\t\t\t\t<\/div>\n\t\t\t\t\t<\/div>\n\t\t<\/div>\n\t\t\t\t\t<\/div>\n\t\t<\/section>\n\t\t\t\t<section class=\"elementor-section elementor-top-section elementor-element elementor-element-527f1640 elementor-section-boxed elementor-section-height-default elementor-section-height-default\" data-id=\"527f1640\" data-element_type=\"section\" data-settings=\"{&quot;background_background&quot;:&quot;classic&quot;}\">\n\t\t\t\t\t\t<div class=\"elementor-container elementor-column-gap-default\">\n\t\t\t\t\t<div class=\"elementor-column elementor-col-100 elementor-top-column elementor-element elementor-element-557a2e4c\" data-id=\"557a2e4c\" data-element_type=\"column\">\n\t\t\t<div class=\"elementor-widget-wrap\">\n\t\t\t\t\t\t\t<\/div>\n\t\t<\/div>\n\t\t\t\t\t<\/div>\n\t\t<\/section>\n\t\t\t\t<\/div>","protected":false},"excerpt":{"rendered":"<p>Mikrobiom i Multippel sklerose I l\u00f8pet av de siste 20 \u00e5rene har forskningen gitt oss en bedre forst\u00e5else av bakteriemilj\u00f8et i menneskets tarmsystem. Et godt balansert bakterielt tarmmilj\u00f8 er viktig for \u00e5 &laquo;utdanne&raquo; og regulere immunsystemet v\u00e5rt. Dette er viktig for kroppens evne til \u00e5 h\u00e5ndtere tilstander eller sykdommer der immunsystemet spiller en rolle, for [&hellip;]<\/p>","protected":false},"author":1,"featured_media":0,"parent":501,"menu_order":0,"comment_status":"closed","ping_status":"closed","template":"elementor_header_footer","meta":{"footnotes":""},"class_list":["post-506","page","type-page","status-publish","hentry","entry"],"yoast_head":"<!-- This site is optimized with the Yoast SEO plugin v26.2 - https:\/\/yoast.com\/wordpress\/plugins\/seo\/ -->\n<title>Mikrobiom i MS - Ceventrix<\/title>\n<meta name=\"robots\" content=\"index, follow, max-snippet:-1, max-image-preview:large, max-video-preview:-1\" \/>\n<link rel=\"canonical\" href=\"https:\/\/ceventrix.com\/en\/for-helsepersonell\/mikrobiom-i-ms\/\" \/>\n<meta property=\"og:locale\" content=\"en_GB\" \/>\n<meta property=\"og:type\" content=\"article\" \/>\n<meta property=\"og:title\" content=\"Mikrobiom i MS - Ceventrix\" \/>\n<meta property=\"og:description\" content=\"Mikrobiom i Multippel sklerose I l\u00f8pet av de siste 20 \u00e5rene har forskningen gitt oss en bedre forst\u00e5else av bakteriemilj\u00f8et i menneskets tarmsystem. Et godt balansert bakterielt tarmmilj\u00f8 er viktig for \u00e5 &laquo;utdanne&raquo; og regulere immunsystemet v\u00e5rt. Dette er viktig for kroppens evne til \u00e5 h\u00e5ndtere tilstander eller sykdommer der immunsystemet spiller en rolle, for [&hellip;]\" \/>\n<meta property=\"og:url\" content=\"https:\/\/ceventrix.com\/en\/for-helsepersonell\/mikrobiom-i-ms\/\" \/>\n<meta property=\"og:site_name\" content=\"Ceventrix\" \/>\n<meta property=\"article:modified_time\" content=\"2021-11-08T10:10:23+00:00\" \/>\n<meta name=\"twitter:card\" content=\"summary_large_image\" \/>\n<meta name=\"twitter:label1\" content=\"Estimated reading time\" \/>\n\t<meta name=\"twitter:data1\" content=\"2 minutes\" \/>\n<script type=\"application\/ld+json\" class=\"yoast-schema-graph\">{\"@context\":\"https:\/\/schema.org\",\"@graph\":[{\"@type\":\"WebPage\",\"@id\":\"https:\/\/ceventrix.com\/for-helsepersonell\/mikrobiom-i-ms\/\",\"url\":\"https:\/\/ceventrix.com\/for-helsepersonell\/mikrobiom-i-ms\/\",\"name\":\"Mikrobiom i MS - Ceventrix\",\"isPartOf\":{\"@id\":\"https:\/\/ceventrix.com\/#website\"},\"datePublished\":\"2021-08-23T09:22:53+00:00\",\"dateModified\":\"2021-11-08T10:10:23+00:00\",\"breadcrumb\":{\"@id\":\"https:\/\/ceventrix.com\/for-helsepersonell\/mikrobiom-i-ms\/#breadcrumb\"},\"inLanguage\":\"en-GB\",\"potentialAction\":[{\"@type\":\"ReadAction\",\"target\":[\"https:\/\/ceventrix.com\/for-helsepersonell\/mikrobiom-i-ms\/\"]}]},{\"@type\":\"BreadcrumbList\",\"@id\":\"https:\/\/ceventrix.com\/for-helsepersonell\/mikrobiom-i-ms\/#breadcrumb\",\"itemListElement\":[{\"@type\":\"ListItem\",\"position\":1,\"name\":\"Home\",\"item\":\"https:\/\/ceventrix.com\/\"},{\"@type\":\"ListItem\",\"position\":2,\"name\":\"For helsepersonell\",\"item\":\"https:\/\/ceventrix.com\/for-helsepersonell\/\"},{\"@type\":\"ListItem\",\"position\":3,\"name\":\"Mikrobiom i MS\"}]},{\"@type\":\"WebSite\",\"@id\":\"https:\/\/ceventrix.com\/#website\",\"url\":\"https:\/\/ceventrix.com\/\",\"name\":\"Ceventrix\",\"description\":\"For kosholdsbehandling av MS\",\"potentialAction\":[{\"@type\":\"SearchAction\",\"target\":{\"@type\":\"EntryPoint\",\"urlTemplate\":\"https:\/\/ceventrix.com\/?s={search_term_string}\"},\"query-input\":{\"@type\":\"PropertyValueSpecification\",\"valueRequired\":true,\"valueName\":\"search_term_string\"}}],\"inLanguage\":\"en-GB\"}]}<\/script>\n<!-- \/ Yoast SEO plugin. -->","yoast_head_json":{"title":"Mikrobiom i MS - Ceventrix","robots":{"index":"index","follow":"follow","max-snippet":"max-snippet:-1","max-image-preview":"max-image-preview:large","max-video-preview":"max-video-preview:-1"},"canonical":"https:\/\/ceventrix.com\/en\/for-helsepersonell\/mikrobiom-i-ms\/","og_locale":"en_GB","og_type":"article","og_title":"Mikrobiom i MS - Ceventrix","og_description":"Mikrobiom i Multippel sklerose I l\u00f8pet av de siste 20 \u00e5rene har forskningen gitt oss en bedre forst\u00e5else av bakteriemilj\u00f8et i menneskets tarmsystem. Et godt balansert bakterielt tarmmilj\u00f8 er viktig for \u00e5 &laquo;utdanne&raquo; og regulere immunsystemet v\u00e5rt. Dette er viktig for kroppens evne til \u00e5 h\u00e5ndtere tilstander eller sykdommer der immunsystemet spiller en rolle, for [&hellip;]","og_url":"https:\/\/ceventrix.com\/en\/for-helsepersonell\/mikrobiom-i-ms\/","og_site_name":"Ceventrix","article_modified_time":"2021-11-08T10:10:23+00:00","twitter_card":"summary_large_image","twitter_misc":{"Estimated reading time":"2 minutes"},"schema":{"@context":"https:\/\/schema.org","@graph":[{"@type":"WebPage","@id":"https:\/\/ceventrix.com\/for-helsepersonell\/mikrobiom-i-ms\/","url":"https:\/\/ceventrix.com\/for-helsepersonell\/mikrobiom-i-ms\/","name":"Mikrobiom i MS - Ceventrix","isPartOf":{"@id":"https:\/\/ceventrix.com\/#website"},"datePublished":"2021-08-23T09:22:53+00:00","dateModified":"2021-11-08T10:10:23+00:00","breadcrumb":{"@id":"https:\/\/ceventrix.com\/for-helsepersonell\/mikrobiom-i-ms\/#breadcrumb"},"inLanguage":"en-GB","potentialAction":[{"@type":"ReadAction","target":["https:\/\/ceventrix.com\/for-helsepersonell\/mikrobiom-i-ms\/"]}]},{"@type":"BreadcrumbList","@id":"https:\/\/ceventrix.com\/for-helsepersonell\/mikrobiom-i-ms\/#breadcrumb","itemListElement":[{"@type":"ListItem","position":1,"name":"Home","item":"https:\/\/ceventrix.com\/"},{"@type":"ListItem","position":2,"name":"For helsepersonell","item":"https:\/\/ceventrix.com\/for-helsepersonell\/"},{"@type":"ListItem","position":3,"name":"Mikrobiom i MS"}]},{"@type":"WebSite","@id":"https:\/\/ceventrix.com\/#website","url":"https:\/\/ceventrix.com\/","name":"Ceventrix","description":"For kosholdsbehandling av MS","potentialAction":[{"@type":"SearchAction","target":{"@type":"EntryPoint","urlTemplate":"https:\/\/ceventrix.com\/?s={search_term_string}"},"query-input":{"@type":"PropertyValueSpecification","valueRequired":true,"valueName":"search_term_string"}}],"inLanguage":"en-GB"}]}},"jetpack_sharing_enabled":true,"_links":{"self":[{"href":"https:\/\/ceventrix.com\/en\/wp-json\/wp\/v2\/pages\/506","targetHints":{"allow":["GET"]}}],"collection":[{"href":"https:\/\/ceventrix.com\/en\/wp-json\/wp\/v2\/pages"}],"about":[{"href":"https:\/\/ceventrix.com\/en\/wp-json\/wp\/v2\/types\/page"}],"author":[{"embeddable":true,"href":"https:\/\/ceventrix.com\/en\/wp-json\/wp\/v2\/users\/1"}],"replies":[{"embeddable":true,"href":"https:\/\/ceventrix.com\/en\/wp-json\/wp\/v2\/comments?post=506"}],"version-history":[{"count":5,"href":"https:\/\/ceventrix.com\/en\/wp-json\/wp\/v2\/pages\/506\/revisions"}],"predecessor-version":[{"id":3492,"href":"https:\/\/ceventrix.com\/en\/wp-json\/wp\/v2\/pages\/506\/revisions\/3492"}],"up":[{"embeddable":true,"href":"https:\/\/ceventrix.com\/en\/wp-json\/wp\/v2\/pages\/501"}],"wp:attachment":[{"href":"https:\/\/ceventrix.com\/en\/wp-json\/wp\/v2\/media?parent=506"}],"curies":[{"name":"wp","href":"https:\/\/api.w.org\/{rel}","templated":true}]}}