{"id":521,"date":"2021-08-23T10:26:23","date_gmt":"2021-08-23T09:26:23","guid":{"rendered":"https:\/\/ceventrix.com\/?page_id=521"},"modified":"2021-11-08T11:10:40","modified_gmt":"2021-11-08T10:10:40","slug":"om-propionat","status":"publish","type":"page","link":"https:\/\/ceventrix.com\/en\/for-helsepersonell\/om-propionat\/","title":{"rendered":"About propionate  \u200b"},"content":{"rendered":"<div data-elementor-type=\"wp-page\" data-elementor-id=\"521\" class=\"elementor elementor-521\" data-elementor-post-type=\"page\">\n\t\t\t\t\t\t<section class=\"elementor-section elementor-top-section elementor-element elementor-element-1a73c48b elementor-section-height-min-height elementor-section-boxed elementor-section-height-default elementor-section-items-middle\" data-id=\"1a73c48b\" data-element_type=\"section\" data-settings=\"{&quot;background_background&quot;:&quot;classic&quot;,&quot;shape_divider_bottom&quot;:&quot;curve&quot;}\">\n\t\t\t\t\t<div class=\"elementor-shape elementor-shape-bottom\" aria-hidden=\"true\" data-negative=\"false\">\n\t\t\t<svg xmlns=\"http:\/\/www.w3.org\/2000\/svg\" viewbox=\"0 0 1000 100\" preserveaspectratio=\"none\">\n    <path class=\"elementor-shape-fill\" d=\"M1000,4.3V0H0v4.3C0.9,23.1,126.7,99.2,500,100S1000,22.7,1000,4.3z\"\/>\n<\/svg>\t\t<\/div>\n\t\t\t\t\t<div class=\"elementor-container elementor-column-gap-default\">\n\t\t\t\t\t<div class=\"elementor-column elementor-col-100 elementor-top-column elementor-element elementor-element-79998603\" data-id=\"79998603\" data-element_type=\"column\">\n\t\t\t<div class=\"elementor-widget-wrap elementor-element-populated\">\n\t\t\t\t\t\t<section class=\"elementor-section elementor-inner-section elementor-element elementor-element-787bef06 elementor-section-boxed elementor-section-height-default elementor-section-height-default\" data-id=\"787bef06\" data-element_type=\"section\">\n\t\t\t\t\t\t<div class=\"elementor-container elementor-column-gap-default\">\n\t\t\t\t\t<div class=\"elementor-column elementor-col-100 elementor-inner-column elementor-element elementor-element-702cfcf1\" data-id=\"702cfcf1\" data-element_type=\"column\">\n\t\t\t<div class=\"elementor-widget-wrap elementor-element-populated\">\n\t\t\t\t\t\t<div class=\"elementor-element elementor-element-3c3b6a3f elementor-widget elementor-widget-heading\" data-id=\"3c3b6a3f\" data-element_type=\"widget\" data-widget_type=\"heading.default\">\n\t\t\t\t<div class=\"elementor-widget-container\">\n\t\t\t\t\t<h1 class=\"elementor-heading-title elementor-size-default\">About propionate  \u200b<\/h1>\t\t\t\t<\/div>\n\t\t\t\t<\/div>\n\t\t\t\t\t<\/div>\n\t\t<\/div>\n\t\t\t\t\t<\/div>\n\t\t<\/section>\n\t\t\t\t\t<\/div>\n\t\t<\/div>\n\t\t\t\t\t<\/div>\n\t\t<\/section>\n\t\t\t\t<section class=\"elementor-section elementor-top-section elementor-element elementor-element-c0a213c elementor-section-boxed elementor-section-height-default elementor-section-height-default\" data-id=\"c0a213c\" data-element_type=\"section\">\n\t\t\t\t\t\t<div class=\"elementor-container elementor-column-gap-default\">\n\t\t\t\t\t<div class=\"elementor-column elementor-col-100 elementor-top-column elementor-element elementor-element-39815bec\" data-id=\"39815bec\" data-element_type=\"column\">\n\t\t\t<div class=\"elementor-widget-wrap elementor-element-populated\">\n\t\t\t\t\t\t<div class=\"elementor-element elementor-element-0ffe3bc elementor-widget elementor-widget-text-editor\" data-id=\"0ffe3bc\" data-element_type=\"widget\" data-widget_type=\"text-editor.default\">\n\t\t\t\t<div class=\"elementor-widget-container\">\n\t\t\t\t\t\t\t\t\t<h2><b>Where can I find propionate?<\/b><\/h2>\n<p><span style=\"font-weight: 400;\">Propionate is naturally produced by our gut bacteria from processing of certain fibers. This is the natural form of most of the propionate in humans. Propionate can also be found in some dairy products and a small amount may be added to meat, cheese, and bread products to keep them fresh.<\/span><\/p>\n<p><span style=\"font-weight: 400;\">Under normal circumstances, the recommended dose of CEVENTRIX \u2122 cannot be achieved by changing your normal diet.<\/span><\/p>\n<h2><b>Is propionate safe?<\/b><\/h2>\n<p><span style=\"font-weight: 400;\">Propionate is considered safe to use as a food additive by both the European Food Safety Agency (EFSA) and by the US Food and Drug Administration (FDA). In a clinical trial with people with MS, no serious adverse events were reported with 3 years of use and less than 5% of subjects had mild adverse events. The reported events were abdominal distension, flatulence, and nausea.<\/span><\/p>\n<p><span style=\"font-weight: 400;\">CEVENTRIX\u2122 is produced in Norway under the quality control standard referred to as HACCP, and ISO 9001:2015.<\/span><\/p>\t\t\t\t\t\t\t\t<\/div>\n\t\t\t\t<\/div>\n\t\t\t\t\t<\/div>\n\t\t<\/div>\n\t\t\t\t\t<\/div>\n\t\t<\/section>\n\t\t\t\t<section class=\"elementor-section elementor-top-section elementor-element elementor-element-1739ac1d elementor-section-boxed elementor-section-height-default elementor-section-height-default\" data-id=\"1739ac1d\" data-element_type=\"section\" data-settings=\"{&quot;background_background&quot;:&quot;classic&quot;}\">\n\t\t\t\t\t\t<div class=\"elementor-container elementor-column-gap-default\">\n\t\t\t\t\t<div class=\"elementor-column elementor-col-100 elementor-top-column elementor-element elementor-element-49eb8188\" data-id=\"49eb8188\" data-element_type=\"column\">\n\t\t\t<div class=\"elementor-widget-wrap\">\n\t\t\t\t\t\t\t<\/div>\n\t\t<\/div>\n\t\t\t\t\t<\/div>\n\t\t<\/section>\n\t\t\t\t<\/div>","protected":false},"excerpt":{"rendered":"<p>Om propionat Hvor finner man propionat? Propionat produseres naturlig av tarmbakteriene v\u00e5re fra omdanning av visse fiber. Dette er den naturlige formen for det meste av propionat hos mennesker. Propionat kan ogs\u00e5 finnes i noen meieriprodukter, og en liten mengde kan tilsettes kj\u00f8tt, ost og br\u00f8dprodukter for \u00e5 holde dem ferske. Under normale omstendigheter kan [&hellip;]<\/p>","protected":false},"author":1,"featured_media":0,"parent":501,"menu_order":0,"comment_status":"closed","ping_status":"closed","template":"elementor_header_footer","meta":{"footnotes":""},"class_list":["post-521","page","type-page","status-publish","hentry","entry"],"yoast_head":"<!-- This site is optimized with the Yoast SEO plugin v26.2 - https:\/\/yoast.com\/wordpress\/plugins\/seo\/ -->\n<title>Om propionat - Ceventrix<\/title>\n<meta name=\"robots\" content=\"index, follow, max-snippet:-1, max-image-preview:large, max-video-preview:-1\" \/>\n<link rel=\"canonical\" href=\"https:\/\/ceventrix.com\/en\/for-helsepersonell\/om-propionat\/\" \/>\n<meta property=\"og:locale\" content=\"en_GB\" \/>\n<meta property=\"og:type\" content=\"article\" \/>\n<meta property=\"og:title\" content=\"Om propionat - Ceventrix\" \/>\n<meta property=\"og:description\" content=\"Om propionat Hvor finner man propionat? Propionat produseres naturlig av tarmbakteriene v\u00e5re fra omdanning av visse fiber. Dette er den naturlige formen for det meste av propionat hos mennesker. Propionat kan ogs\u00e5 finnes i noen meieriprodukter, og en liten mengde kan tilsettes kj\u00f8tt, ost og br\u00f8dprodukter for \u00e5 holde dem ferske. Under normale omstendigheter kan [&hellip;]\" \/>\n<meta property=\"og:url\" content=\"https:\/\/ceventrix.com\/en\/for-helsepersonell\/om-propionat\/\" \/>\n<meta property=\"og:site_name\" content=\"Ceventrix\" \/>\n<meta property=\"article:modified_time\" content=\"2021-11-08T10:10:40+00:00\" \/>\n<meta name=\"twitter:card\" content=\"summary_large_image\" \/>\n<meta name=\"twitter:label1\" content=\"Estimated reading time\" \/>\n\t<meta name=\"twitter:data1\" content=\"1 minute\" \/>\n<script type=\"application\/ld+json\" class=\"yoast-schema-graph\">{\"@context\":\"https:\/\/schema.org\",\"@graph\":[{\"@type\":\"WebPage\",\"@id\":\"https:\/\/ceventrix.com\/for-helsepersonell\/om-propionat\/\",\"url\":\"https:\/\/ceventrix.com\/for-helsepersonell\/om-propionat\/\",\"name\":\"Om propionat - Ceventrix\",\"isPartOf\":{\"@id\":\"https:\/\/ceventrix.com\/#website\"},\"datePublished\":\"2021-08-23T09:26:23+00:00\",\"dateModified\":\"2021-11-08T10:10:40+00:00\",\"breadcrumb\":{\"@id\":\"https:\/\/ceventrix.com\/for-helsepersonell\/om-propionat\/#breadcrumb\"},\"inLanguage\":\"en-GB\",\"potentialAction\":[{\"@type\":\"ReadAction\",\"target\":[\"https:\/\/ceventrix.com\/for-helsepersonell\/om-propionat\/\"]}]},{\"@type\":\"BreadcrumbList\",\"@id\":\"https:\/\/ceventrix.com\/for-helsepersonell\/om-propionat\/#breadcrumb\",\"itemListElement\":[{\"@type\":\"ListItem\",\"position\":1,\"name\":\"Home\",\"item\":\"https:\/\/ceventrix.com\/\"},{\"@type\":\"ListItem\",\"position\":2,\"name\":\"For helsepersonell\",\"item\":\"https:\/\/ceventrix.com\/for-helsepersonell\/\"},{\"@type\":\"ListItem\",\"position\":3,\"name\":\"Om propionat\"}]},{\"@type\":\"WebSite\",\"@id\":\"https:\/\/ceventrix.com\/#website\",\"url\":\"https:\/\/ceventrix.com\/\",\"name\":\"Ceventrix\",\"description\":\"For kosholdsbehandling av MS\",\"potentialAction\":[{\"@type\":\"SearchAction\",\"target\":{\"@type\":\"EntryPoint\",\"urlTemplate\":\"https:\/\/ceventrix.com\/?s={search_term_string}\"},\"query-input\":{\"@type\":\"PropertyValueSpecification\",\"valueRequired\":true,\"valueName\":\"search_term_string\"}}],\"inLanguage\":\"en-GB\"}]}<\/script>\n<!-- \/ Yoast SEO plugin. -->","yoast_head_json":{"title":"Om propionat - Ceventrix","robots":{"index":"index","follow":"follow","max-snippet":"max-snippet:-1","max-image-preview":"max-image-preview:large","max-video-preview":"max-video-preview:-1"},"canonical":"https:\/\/ceventrix.com\/en\/for-helsepersonell\/om-propionat\/","og_locale":"en_GB","og_type":"article","og_title":"Om propionat - Ceventrix","og_description":"Om propionat Hvor finner man propionat? Propionat produseres naturlig av tarmbakteriene v\u00e5re fra omdanning av visse fiber. Dette er den naturlige formen for det meste av propionat hos mennesker. Propionat kan ogs\u00e5 finnes i noen meieriprodukter, og en liten mengde kan tilsettes kj\u00f8tt, ost og br\u00f8dprodukter for \u00e5 holde dem ferske. Under normale omstendigheter kan [&hellip;]","og_url":"https:\/\/ceventrix.com\/en\/for-helsepersonell\/om-propionat\/","og_site_name":"Ceventrix","article_modified_time":"2021-11-08T10:10:40+00:00","twitter_card":"summary_large_image","twitter_misc":{"Estimated reading time":"1 minute"},"schema":{"@context":"https:\/\/schema.org","@graph":[{"@type":"WebPage","@id":"https:\/\/ceventrix.com\/for-helsepersonell\/om-propionat\/","url":"https:\/\/ceventrix.com\/for-helsepersonell\/om-propionat\/","name":"Om propionat - Ceventrix","isPartOf":{"@id":"https:\/\/ceventrix.com\/#website"},"datePublished":"2021-08-23T09:26:23+00:00","dateModified":"2021-11-08T10:10:40+00:00","breadcrumb":{"@id":"https:\/\/ceventrix.com\/for-helsepersonell\/om-propionat\/#breadcrumb"},"inLanguage":"en-GB","potentialAction":[{"@type":"ReadAction","target":["https:\/\/ceventrix.com\/for-helsepersonell\/om-propionat\/"]}]},{"@type":"BreadcrumbList","@id":"https:\/\/ceventrix.com\/for-helsepersonell\/om-propionat\/#breadcrumb","itemListElement":[{"@type":"ListItem","position":1,"name":"Home","item":"https:\/\/ceventrix.com\/"},{"@type":"ListItem","position":2,"name":"For helsepersonell","item":"https:\/\/ceventrix.com\/for-helsepersonell\/"},{"@type":"ListItem","position":3,"name":"Om propionat"}]},{"@type":"WebSite","@id":"https:\/\/ceventrix.com\/#website","url":"https:\/\/ceventrix.com\/","name":"Ceventrix","description":"For kosholdsbehandling av MS","potentialAction":[{"@type":"SearchAction","target":{"@type":"EntryPoint","urlTemplate":"https:\/\/ceventrix.com\/?s={search_term_string}"},"query-input":{"@type":"PropertyValueSpecification","valueRequired":true,"valueName":"search_term_string"}}],"inLanguage":"en-GB"}]}},"jetpack_sharing_enabled":true,"_links":{"self":[{"href":"https:\/\/ceventrix.com\/en\/wp-json\/wp\/v2\/pages\/521","targetHints":{"allow":["GET"]}}],"collection":[{"href":"https:\/\/ceventrix.com\/en\/wp-json\/wp\/v2\/pages"}],"about":[{"href":"https:\/\/ceventrix.com\/en\/wp-json\/wp\/v2\/types\/page"}],"author":[{"embeddable":true,"href":"https:\/\/ceventrix.com\/en\/wp-json\/wp\/v2\/users\/1"}],"replies":[{"embeddable":true,"href":"https:\/\/ceventrix.com\/en\/wp-json\/wp\/v2\/comments?post=521"}],"version-history":[{"count":5,"href":"https:\/\/ceventrix.com\/en\/wp-json\/wp\/v2\/pages\/521\/revisions"}],"predecessor-version":[{"id":3497,"href":"https:\/\/ceventrix.com\/en\/wp-json\/wp\/v2\/pages\/521\/revisions\/3497"}],"up":[{"embeddable":true,"href":"https:\/\/ceventrix.com\/en\/wp-json\/wp\/v2\/pages\/501"}],"wp:attachment":[{"href":"https:\/\/ceventrix.com\/en\/wp-json\/wp\/v2\/media?parent=521"}],"curies":[{"name":"wp","href":"https:\/\/api.w.org\/{rel}","templated":true}]}}